{"id":130,"date":"2019-09-19T15:58:11","date_gmt":"2019-09-19T15:58:11","guid":{"rendered":"http:\/\/reiterverein-heilbronn.de\/?page_id=130"},"modified":"2025-01-17T12:24:19","modified_gmt":"2025-01-17T12:24:19","slug":"reitanlage-und-trainingsmoeglichkeiten","status":"publish","type":"page","link":"https:\/\/reiterverein-heilbronn.de\/?page_id=130","title":{"rendered":"Reitanlage und Trainingsm\u00f6glichkeiten"},"content":{"rendered":"\n<h1 class=\"wp-block-heading\">Anlage<\/h1>\n\n\n\n<p><strong>Die Anlage verf\u00fcgt \u00fcber:<\/strong><\/p>\n\n\n\n<ul class=\"wp-block-list\">\n<li>Reithalle 20 x 60 m <\/li>\n\n\n\n<li>Reithalle 20 x 40 m <\/li>\n\n\n\n<li>Dressurviereck 20 x 60 mit Bew\u00e4sserung und  Flutlichtanlage<\/li>\n\n\n\n<li>Sandpaddocks<\/li>\n\n\n\n<li>Koppeln<\/li>\n\n\n\n<li>Waschpl\u00e4tze<\/li>\n\n\n\n<li>Reiterst\u00fcbchen<\/li>\n\n\n\n<li>Pferdeh\u00e4ngerparkplatz<\/li>\n\n\n\n<li>Galoppbahn<\/li>\n<\/ul>\n\n\n\n<p>Alle B\u00f6den werden t\u00e4glich gepflegt, gefahren und gew\u00e4ssert.<\/p>\n\n\n\n<p>Direkt ab Stall befindet sich ein sch\u00f6nes Ausreitgel\u00e4nde in den Weinbergen oder im Heilbronner Stadtwald. <\/p>\n\n\n\n<p>F\u00fcr die Nutzung der Anlage ist eine aktive Mitgliedschaft im Reiterverein Heilbronn obligatorisch. Fremdreitern berechnen wir eine Geb\u00fchr von derzeit 10 \u20ac pro Einheit. <\/p>\n\n\n\n<figure class=\"wp-block-image size-large\"><img loading=\"lazy\" decoding=\"async\" width=\"1024\" height=\"868\" src=\"https:\/\/reiterverein-heilbronn.de\/wp-content\/uploads\/2023\/06\/IMG_4847-1024x868.jpeg\" alt=\"\" class=\"wp-image-853\" srcset=\"https:\/\/reiterverein-heilbronn.de\/wp-content\/uploads\/2023\/06\/IMG_4847-1024x868.jpeg 1024w, https:\/\/reiterverein-heilbronn.de\/wp-content\/uploads\/2023\/06\/IMG_4847-300x254.jpeg 300w, https:\/\/reiterverein-heilbronn.de\/wp-content\/uploads\/2023\/06\/IMG_4847-768x651.jpeg 768w, https:\/\/reiterverein-heilbronn.de\/wp-content\/uploads\/2023\/06\/IMG_4847-1536x1302.jpeg 1536w, https:\/\/reiterverein-heilbronn.de\/wp-content\/uploads\/2023\/06\/IMG_4847-2048x1736.jpeg 2048w\" sizes=\"auto, (max-width: 1024px) 100vw, 1024px\" \/><\/figure>\n","protected":false},"excerpt":{"rendered":"<p>Anlage Die Anlage verf\u00fcgt \u00fcber: Alle B\u00f6den werden t\u00e4glich gepflegt, gefahren und gew\u00e4ssert. Direkt ab Stall befindet sich ein sch\u00f6nes<\/p>\n","protected":false},"author":1,"featured_media":0,"parent":0,"menu_order":0,"comment_status":"closed","ping_status":"closed","template":"","meta":{"footnotes":""},"class_list":["post-130","page","type-page","status-publish","hentry","comments-off"],"_links":{"self":[{"href":"https:\/\/reiterverein-heilbronn.de\/index.php?rest_route=\/wp\/v2\/pages\/130","targetHints":{"allow":["GET"]}}],"collection":[{"href":"https:\/\/reiterverein-heilbronn.de\/index.php?rest_route=\/wp\/v2\/pages"}],"about":[{"href":"https:\/\/reiterverein-heilbronn.de\/index.php?rest_route=\/wp\/v2\/types\/page"}],"author":[{"embeddable":true,"href":"https:\/\/reiterverein-heilbronn.de\/index.php?rest_route=\/wp\/v2\/users\/1"}],"replies":[{"embeddable":true,"href":"https:\/\/reiterverein-heilbronn.de\/index.php?rest_route=%2Fwp%2Fv2%2Fcomments&post=130"}],"version-history":[{"count":5,"href":"https:\/\/reiterverein-heilbronn.de\/index.php?rest_route=\/wp\/v2\/pages\/130\/revisions"}],"predecessor-version":[{"id":1697,"href":"https:\/\/reiterverein-heilbronn.de\/index.php?rest_route=\/wp\/v2\/pages\/130\/revisions\/1697"}],"wp:attachment":[{"href":"https:\/\/reiterverein-heilbronn.de\/index.php?rest_route=%2Fwp%2Fv2%2Fmedia&parent=130"}],"curies":[{"name":"wp","href":"https:\/\/api.w.org\/{rel}","templated":true}]}}