{"id":133,"date":"2019-09-19T16:03:57","date_gmt":"2019-09-19T16:03:57","guid":{"rendered":"http:\/\/reiterverein-heilbronn.de\/?page_id=133"},"modified":"2025-01-17T12:22:10","modified_gmt":"2025-01-17T12:22:10","slug":"boxenvermietung","status":"publish","type":"page","link":"https:\/\/reiterverein-heilbronn.de\/?page_id=133","title":{"rendered":"Boxenvermietung"},"content":{"rendered":"\n<figure class=\"wp-block-image size-large\"><img loading=\"lazy\" decoding=\"async\" width=\"768\" height=\"1024\" src=\"https:\/\/reiterverein-heilbronn.de\/wp-content\/uploads\/2023\/06\/IMG_9571-768x1024.jpeg\" alt=\"\" class=\"wp-image-825\" srcset=\"https:\/\/reiterverein-heilbronn.de\/wp-content\/uploads\/2023\/06\/IMG_9571-768x1024.jpeg 768w, https:\/\/reiterverein-heilbronn.de\/wp-content\/uploads\/2023\/06\/IMG_9571-225x300.jpeg 225w, https:\/\/reiterverein-heilbronn.de\/wp-content\/uploads\/2023\/06\/IMG_9571-1152x1536.jpeg 1152w, https:\/\/reiterverein-heilbronn.de\/wp-content\/uploads\/2023\/06\/IMG_9571-1536x2048.jpeg 1536w, https:\/\/reiterverein-heilbronn.de\/wp-content\/uploads\/2023\/06\/IMG_9571-scaled.jpeg 1920w\" sizes=\"auto, (max-width: 768px) 100vw, 768px\" \/><\/figure>\n\n\n\n<p>Wir haben Boxen frei!<\/p>\n\n\n\n<p><strong>Preise f\u00fcr Boxenvermietung\u00a0<\/strong><\/p>\n\n\n\n<p>Wir haben in den Jahren 2018\/2019 unsere Boxen umgebaut und teilweise vergr\u00f6ssert. Die umgebauten Boxen verf\u00fcgen \u00fcber eine Fl\u00e4che von ca. 15 qm. <\/p>\n\n\n\n<p>Innenbox klein:   435,00 Euro <\/p>\n\n\n\n<p>Innenbox gross:  455,00 Euro <\/p>\n\n\n\n<p>Fensterbox klein: 460,00 Euro <\/p>\n\n\n\n<p>Fensterbox gross: 480,00 Euro<\/p>\n\n\n\n<p>Paddockbox: 485,00 Euro<\/p>\n\n\n<p><!--StartFragment--><\/p>\n\n\n<p><strong>Im Preis inbegriffen sind:<\/strong><\/p>\n\n\n\n<ul class=\"wp-block-list\">\n<li>3x t\u00e4glich F\u00fctterung: 2x Heu, 3x Kraftfutter (Hafer\/Pellets)<\/li>\n\n\n\n<li>es wird t\u00e4glich gemistet. An Sonn- und Feiertagen und im Urlaub unserer Stallkraft muss selbst gemistet werden.<\/li>\n\n\n\n<li>Sandpaddocks <\/li>\n<\/ul>\n\n\n\n<p>N\u00e4here Informationen erteilt Ihnen gerne<strong>&nbsp;Daniela Schramm<\/strong> <strong>+49 172 7221429<\/strong><\/p>\n\n\n\n\n\n<p><\/p>\n\n\n\n<p><\/p>\n\n\n<p><!--StartFragment--><\/p>\n\n\n<p><\/p>\n\n\n\n<p><\/p>\n\n\n<p><!--EndFragment--><\/p>","protected":false},"excerpt":{"rendered":"<p>Wir haben Boxen frei! Preise f\u00fcr Boxenvermietung\u00a0 Wir haben in den Jahren 2018\/2019 unsere Boxen umgebaut und teilweise vergr\u00f6ssert. Die<\/p>\n","protected":false},"author":1,"featured_media":0,"parent":0,"menu_order":0,"comment_status":"closed","ping_status":"closed","template":"","meta":{"footnotes":""},"class_list":["post-133","page","type-page","status-publish","hentry","comments-off"],"_links":{"self":[{"href":"https:\/\/reiterverein-heilbronn.de\/index.php?rest_route=\/wp\/v2\/pages\/133","targetHints":{"allow":["GET"]}}],"collection":[{"href":"https:\/\/reiterverein-heilbronn.de\/index.php?rest_route=\/wp\/v2\/pages"}],"about":[{"href":"https:\/\/reiterverein-heilbronn.de\/index.php?rest_route=\/wp\/v2\/types\/page"}],"author":[{"embeddable":true,"href":"https:\/\/reiterverein-heilbronn.de\/index.php?rest_route=\/wp\/v2\/users\/1"}],"replies":[{"embeddable":true,"href":"https:\/\/reiterverein-heilbronn.de\/index.php?rest_route=%2Fwp%2Fv2%2Fcomments&post=133"}],"version-history":[{"count":19,"href":"https:\/\/reiterverein-heilbronn.de\/index.php?rest_route=\/wp\/v2\/pages\/133\/revisions"}],"predecessor-version":[{"id":1695,"href":"https:\/\/reiterverein-heilbronn.de\/index.php?rest_route=\/wp\/v2\/pages\/133\/revisions\/1695"}],"wp:attachment":[{"href":"https:\/\/reiterverein-heilbronn.de\/index.php?rest_route=%2Fwp%2Fv2%2Fmedia&parent=133"}],"curies":[{"name":"wp","href":"https:\/\/api.w.org\/{rel}","templated":true}]}}