{"id":180,"date":"2019-09-19T19:55:14","date_gmt":"2019-09-19T19:55:14","guid":{"rendered":"http:\/\/reiterverein-heilbronn.de\/?page_id=180"},"modified":"2024-05-03T06:09:44","modified_gmt":"2024-05-03T06:09:44","slug":"ponyreiten","status":"publish","type":"page","link":"https:\/\/reiterverein-heilbronn.de\/?page_id=180","title":{"rendered":"Ponyreiten \/ Pferde-Caf\u00e9"},"content":{"rendered":"\n<p><strong>Im August &amp; September findet KEIN Pferde-Caf\u00e9 mit Ponyreiten statt.<\/strong><\/p>\n\n\n\n<p>!!!!!ACHTUNG NEU!!!!!!<br>Teilnahme am Ponyreiten NUR noch \u00fcber Ticketvorverkauf m\u00f6glich.\u00a0<br>Es werden KEINE Tickets mehr vor Ort verkauft.\u00a0<br>Wir bitten um Verst\u00e4ndnis. <\/p>\n\n\n\n<p><a href=\"https:\/\/diginights.com\/location\/reiterverein-heilbronn-heilbronn\">Ticketvorverkauf Ponyreiten<\/a><\/p>\n\n\n\n<p>Pro Kind bitte nur 1 Ticket buchen.&nbsp;<\/p>\n\n\n\n<p>Da wir bei den vergangenen Veranstaltungen bemerkt haben, dass die Beliebtheit des Ponyreitens immer gr\u00f6\u00dfer wird und wir dem Besucheransturm nicht standhalten k\u00f6nnen, probieren wir ein neues Konzept aus.&nbsp;<\/p>\n\n\n\n<p>Nat\u00fcrlich kann man weiterhin ohne Voranmeldung Kaffee &amp; Kuchen in unserem Reiterst\u00fcbchen genie\u00dfen.&nbsp;<br>Alles zu familienfreundlichen Preisen.&nbsp;<br><\/p>\n\n\n<div class=\"wp-block-image\">\n<figure class=\"alignright is-resized\"><img loading=\"lazy\" decoding=\"async\" src=\"http:\/\/reiterverein-heilbronn.de\/wp-content\/uploads\/2019\/10\/fullsizeoutput_4bd8-1024x1024.jpeg\" alt=\"\" class=\"wp-image-267\" width=\"243\" height=\"243\" srcset=\"https:\/\/reiterverein-heilbronn.de\/wp-content\/uploads\/2019\/10\/fullsizeoutput_4bd8-1024x1024.jpeg 1024w, https:\/\/reiterverein-heilbronn.de\/wp-content\/uploads\/2019\/10\/fullsizeoutput_4bd8-150x150.jpeg 150w, https:\/\/reiterverein-heilbronn.de\/wp-content\/uploads\/2019\/10\/fullsizeoutput_4bd8-300x300.jpeg 300w, https:\/\/reiterverein-heilbronn.de\/wp-content\/uploads\/2019\/10\/fullsizeoutput_4bd8-768x768.jpeg 768w, https:\/\/reiterverein-heilbronn.de\/wp-content\/uploads\/2019\/10\/fullsizeoutput_4bd8.jpeg 1200w\" sizes=\"auto, (max-width: 243px) 100vw, 243px\" \/><\/figure>\n<\/div>\n\n\n<p><br>An jedem 1. Sonntag im Monat findet unser beliebtes Pferde-Caf\u00e9 mit Ponyreiten statt.<\/p>\n\n\n\n<p><br>Beginn: 15:00 Uhr<\/p>\n\n\n\n<p class=\"has-text-align-left\">Ende: gegen 16:30 Uhr<\/p>\n\n\n\n<p>Bitte wenn m\u00f6glich einen Fahrradhelm mitbringen. <\/p>\n\n\n\n<p>Die Veranstaltung findet auch bei Regen statt.&nbsp;<\/p>\n\n\n\n<p>Bitte bleibt Zuhause, wenn ihr oder eure Kinder Erk\u00e4ltungssymptome habt. Besten Dank f\u00fcr Ihre R\u00fccksichtnahme. <br><\/p>\n\n\n\n<p>Wir freuen uns auf euch!<\/p>\n","protected":false},"excerpt":{"rendered":"<p>Im August &amp; September findet KEIN Pferde-Caf\u00e9 mit Ponyreiten statt. !!!!!ACHTUNG NEU!!!!!!Teilnahme am Ponyreiten NUR noch \u00fcber Ticketvorverkauf m\u00f6glich.\u00a0Es werden<\/p>\n","protected":false},"author":1,"featured_media":0,"parent":0,"menu_order":0,"comment_status":"closed","ping_status":"closed","template":"","meta":{"footnotes":""},"class_list":["post-180","page","type-page","status-publish","hentry","comments-off"],"_links":{"self":[{"href":"https:\/\/reiterverein-heilbronn.de\/index.php?rest_route=\/wp\/v2\/pages\/180","targetHints":{"allow":["GET"]}}],"collection":[{"href":"https:\/\/reiterverein-heilbronn.de\/index.php?rest_route=\/wp\/v2\/pages"}],"about":[{"href":"https:\/\/reiterverein-heilbronn.de\/index.php?rest_route=\/wp\/v2\/types\/page"}],"author":[{"embeddable":true,"href":"https:\/\/reiterverein-heilbronn.de\/index.php?rest_route=\/wp\/v2\/users\/1"}],"replies":[{"embeddable":true,"href":"https:\/\/reiterverein-heilbronn.de\/index.php?rest_route=%2Fwp%2Fv2%2Fcomments&post=180"}],"version-history":[{"count":13,"href":"https:\/\/reiterverein-heilbronn.de\/index.php?rest_route=\/wp\/v2\/pages\/180\/revisions"}],"predecessor-version":[{"id":1274,"href":"https:\/\/reiterverein-heilbronn.de\/index.php?rest_route=\/wp\/v2\/pages\/180\/revisions\/1274"}],"wp:attachment":[{"href":"https:\/\/reiterverein-heilbronn.de\/index.php?rest_route=%2Fwp%2Fv2%2Fmedia&parent=180"}],"curies":[{"name":"wp","href":"https:\/\/api.w.org\/{rel}","templated":true}]}}